{"id":111,"date":"2026-01-20T12:03:21","date_gmt":"2026-01-20T12:03:21","guid":{"rendered":"https:\/\/rs-e.pl\/?page_id=111"},"modified":"2026-02-16T14:19:14","modified_gmt":"2026-02-16T14:19:14","slug":"realizacje","status":"publish","type":"page","link":"https:\/\/rs-e.pl\/index.php\/realizacje\/","title":{"rendered":"Realizacje"},"content":{"rendered":"\n<p>Wybrane projekty konstrukcji spawanych realizowane dla bran\u017cy kolejowej, przemys\u0142owej i energetycznej. Ka\u017cdy projekt obejmuje pe\u0142ny zakres prac: od prefabrykacji, przez spawanie, po monta\u017c ko\u0144cowy.<\/p>\n\n\n\n<div class=\"wp-block-columns is-layout-flex wp-container-core-columns-is-layout-9d6595d7 wp-block-columns-is-layout-flex\">\n<div class=\"wp-block-column is-layout-flow wp-block-column-is-layout-flow\">\n<figure class=\"wp-block-image size-large\"><img loading=\"lazy\" decoding=\"async\" width=\"724\" height=\"1024\" src=\"https:\/\/rs-e.pl\/wp-content\/uploads\/2026\/02\/RSE_folder_2015_PL_02-724x1024.jpg\" alt=\"\" class=\"wp-image-293\" srcset=\"https:\/\/rs-e.pl\/wp-content\/uploads\/2026\/02\/RSE_folder_2015_PL_02-724x1024.jpg 724w, https:\/\/rs-e.pl\/wp-content\/uploads\/2026\/02\/RSE_folder_2015_PL_02-212x300.jpg 212w, https:\/\/rs-e.pl\/wp-content\/uploads\/2026\/02\/RSE_folder_2015_PL_02-768x1087.jpg 768w, https:\/\/rs-e.pl\/wp-content\/uploads\/2026\/02\/RSE_folder_2015_PL_02-1086x1536.jpg 1086w, https:\/\/rs-e.pl\/wp-content\/uploads\/2026\/02\/RSE_folder_2015_PL_02.jpg 1116w\" sizes=\"auto, (max-width: 724px) 100vw, 724px\" \/><\/figure>\n\n\n\n<h3 class=\"wp-block-heading\">Wyposa\u017cenie pojazd\u00f3w szynowych<\/h3>\n\n\n\n<p>Konstrukcje stalowe, aluminiowe i nierdzewne dla bran\u017cy kolejowej.<\/p>\n\n\n\n<div class=\"wp-block-buttons is-layout-flex wp-block-buttons-is-layout-flex\">\n<div class=\"wp-block-button\"><a class=\"wp-block-button__link has-accent-background-color has-background wp-element-button\">Zobacz Realizacje<\/a><\/div>\n<\/div>\n<\/div>\n\n\n\n<div class=\"wp-block-column is-layout-flow wp-block-column-is-layout-flow\">\n<figure class=\"wp-block-image size-large \/* =========================  REALIZACJE (strona ID 1118) Cel: r\u00f3wne zdj\u0119cia + kafelki *\/ 1) Wszystkie obrazki na tej stronie: r\u00f3wna wysoko\u015b\u0107 i eleganckie przyci\u0119cie .page-id-1118 img{ width: 100%; height: 260px; ZMIENISZ 220 \/ 300 je\u015bli chcesz object-fit: cover; nie rozci\u0105ga, tylko przycina display: block; } 2) Je\u015bli obraz jest w bloku &quot;Obrazek&quot; (WP Image block) .wp-block-image 3) Wyr\u00f3wnanie kolumn (\u017ceby mia\u0142y wysoko\u015bci przyciski skaka\u0142y) .wp-block-columns{ align-items: stretch; .wp-block-column{ flex; flex-direction: column; 4) kolumnie masz przycisk, dopychamy go d\u00f3\u0142 kafelka .wp-block-column .wp-block-buttons{ margin-top: auto;\"><img loading=\"lazy\" decoding=\"async\" width=\"1024\" height=\"768\" src=\"https:\/\/rs-e.pl\/wp-content\/uploads\/2026\/02\/10-1024x768.jpg\" alt=\"\" class=\"wp-image-320\" srcset=\"https:\/\/rs-e.pl\/wp-content\/uploads\/2026\/02\/10-1024x768.jpg 1024w, https:\/\/rs-e.pl\/wp-content\/uploads\/2026\/02\/10-300x225.jpg 300w, https:\/\/rs-e.pl\/wp-content\/uploads\/2026\/02\/10-768x576.jpg 768w, https:\/\/rs-e.pl\/wp-content\/uploads\/2026\/02\/10-1536x1152.jpg 1536w, https:\/\/rs-e.pl\/wp-content\/uploads\/2026\/02\/10.jpg 1652w\" sizes=\"auto, (max-width: 1024px) 100vw, 1024px\" \/><\/figure>\n\n\n\n<h3 class=\"wp-block-heading has-text-align-center\">Maszyny specjalne <\/h3>\n\n\n\n<p><\/p>\n\n\n\n<p> w przygotowaniu&#8230;<\/p>\n\n\n\n<div class=\"wp-block-buttons is-layout-flex wp-block-buttons-is-layout-flex\">\n<div class=\"wp-block-button\"><a class=\"wp-block-button__link has-accent-background-color has-background wp-element-button\">Zobacz Realizacje<\/a><\/div>\n<\/div>\n<\/div>\n<\/div>\n\n\n\n<div class=\"wp-block-columns is-layout-flex wp-container-core-columns-is-layout-9d6595d7 wp-block-columns-is-layout-flex\">\n<div class=\"wp-block-column is-layout-flow wp-block-column-is-layout-flow\">\n<figure class=\"wp-block-image size-large\"><img loading=\"lazy\" decoding=\"async\" width=\"498\" height=\"1024\" src=\"https:\/\/rs-e.pl\/wp-content\/uploads\/2026\/02\/8-min-498x1024.jpg\" alt=\"\" class=\"wp-image-318\" srcset=\"https:\/\/rs-e.pl\/wp-content\/uploads\/2026\/02\/8-min-498x1024.jpg 498w, https:\/\/rs-e.pl\/wp-content\/uploads\/2026\/02\/8-min-146x300.jpg 146w, https:\/\/rs-e.pl\/wp-content\/uploads\/2026\/02\/8-min-768x1580.jpg 768w, https:\/\/rs-e.pl\/wp-content\/uploads\/2026\/02\/8-min-747x1536.jpg 747w, https:\/\/rs-e.pl\/wp-content\/uploads\/2026\/02\/8-min-996x2048.jpg 996w, https:\/\/rs-e.pl\/wp-content\/uploads\/2026\/02\/8-min-scaled.jpg 1244w\" sizes=\"auto, (max-width: 498px) 100vw, 498px\" \/><\/figure>\n\n\n\n<h3 class=\"wp-block-heading\">Szafy energetyczne<\/h3>\n\n\n\n<p>w przygotowaniu<\/p>\n\n\n\n<div class=\"wp-block-buttons is-layout-flex wp-block-buttons-is-layout-flex\">\n<div class=\"wp-block-button\"><a class=\"wp-block-button__link has-accent-background-color has-background wp-element-button\">Zobacz Realizacje<\/a><\/div>\n<\/div>\n<\/div>\n\n\n\n<div class=\"wp-block-column is-layout-flow wp-block-column-is-layout-flow\">\n<figure class=\"wp-block-image size-large\"><img loading=\"lazy\" decoding=\"async\" width=\"1024\" height=\"1024\" src=\"https:\/\/rs-e.pl\/wp-content\/uploads\/2026\/02\/6-min-1024x1024.jpg\" alt=\"\" class=\"wp-image-316\" srcset=\"https:\/\/rs-e.pl\/wp-content\/uploads\/2026\/02\/6-min-1024x1024.jpg 1024w, https:\/\/rs-e.pl\/wp-content\/uploads\/2026\/02\/6-min-300x300.jpg 300w, https:\/\/rs-e.pl\/wp-content\/uploads\/2026\/02\/6-min-150x150.jpg 150w, https:\/\/rs-e.pl\/wp-content\/uploads\/2026\/02\/6-min-768x768.jpg 768w, https:\/\/rs-e.pl\/wp-content\/uploads\/2026\/02\/6-min-1536x1536.jpg 1536w, https:\/\/rs-e.pl\/wp-content\/uploads\/2026\/02\/6-min-2048x2048.jpg 2048w\" sizes=\"auto, (max-width: 1024px) 100vw, 1024px\" \/><\/figure>\n\n\n\n<h3 class=\"wp-block-heading\">Ramy transportowe<\/h3>\n\n\n\n<p>w <\/p>\n<\/div>\n<\/div>\n\n\n\n<p><\/p>\n","protected":false},"excerpt":{"rendered":"<p>Wybrane projekty konstrukcji spawanych realizowane dla bran\u017cy kolejowej, przemys\u0142owej i energetycznej. Ka\u017cdy projekt obejmuje pe\u0142ny zakres prac: od prefabrykacji, przez spawanie, po monta\u017c ko\u0144cowy. Wyposa\u017cenie pojazd\u00f3w szynowych Konstrukcje stalowe, aluminiowe i nierdzewne dla bran\u017cy kolejowej. Maszyny specjalne w przygotowaniu&#8230; Szafy energetyczne w przygotowaniu Ramy transportowe w<\/p>\n","protected":false},"author":1,"featured_media":0,"parent":0,"menu_order":0,"comment_status":"closed","ping_status":"closed","template":"","meta":{"footnotes":""},"class_list":["post-111","page","type-page","status-publish"],"_links":{"self":[{"href":"https:\/\/rs-e.pl\/index.php\/wp-json\/wp\/v2\/pages\/111","targetHints":{"allow":["GET"]}}],"collection":[{"href":"https:\/\/rs-e.pl\/index.php\/wp-json\/wp\/v2\/pages"}],"about":[{"href":"https:\/\/rs-e.pl\/index.php\/wp-json\/wp\/v2\/types\/page"}],"author":[{"embeddable":true,"href":"https:\/\/rs-e.pl\/index.php\/wp-json\/wp\/v2\/users\/1"}],"replies":[{"embeddable":true,"href":"https:\/\/rs-e.pl\/index.php\/wp-json\/wp\/v2\/comments?post=111"}],"version-history":[{"count":9,"href":"https:\/\/rs-e.pl\/index.php\/wp-json\/wp\/v2\/pages\/111\/revisions"}],"predecessor-version":[{"id":335,"href":"https:\/\/rs-e.pl\/index.php\/wp-json\/wp\/v2\/pages\/111\/revisions\/335"}],"wp:attachment":[{"href":"https:\/\/rs-e.pl\/index.php\/wp-json\/wp\/v2\/media?parent=111"}],"curies":[{"name":"wp","href":"https:\/\/api.w.org\/{rel}","templated":true}]}}