{"id":9,"date":"2026-01-19T10:30:50","date_gmt":"2026-01-19T10:30:50","guid":{"rendered":"https:\/\/rs-e.pl\/?page_id=9"},"modified":"2026-02-15T20:08:02","modified_gmt":"2026-02-15T20:08:02","slug":"strona-glowna","status":"publish","type":"page","link":"https:\/\/rs-e.pl\/","title":{"rendered":"Strona g\u0142\u00f3wna"},"content":{"rendered":"\n<div class=\"wp-block-cover alignfull\" style=\"min-height:740px;aspect-ratio:unset;\"><img loading=\"lazy\" decoding=\"async\" width=\"1920\" height=\"1280\" class=\"wp-block-cover__image-background wp-image-267 size-full\" alt=\"\" src=\"https:\/\/rs-e.pl\/wp-content\/uploads\/2026\/02\/MG_2483-scaled-1.webp\" data-object-fit=\"cover\" srcset=\"https:\/\/rs-e.pl\/wp-content\/uploads\/2026\/02\/MG_2483-scaled-1.webp 1920w, https:\/\/rs-e.pl\/wp-content\/uploads\/2026\/02\/MG_2483-scaled-1-300x200.webp 300w, https:\/\/rs-e.pl\/wp-content\/uploads\/2026\/02\/MG_2483-scaled-1-1024x683.webp 1024w, https:\/\/rs-e.pl\/wp-content\/uploads\/2026\/02\/MG_2483-scaled-1-768x512.webp 768w, https:\/\/rs-e.pl\/wp-content\/uploads\/2026\/02\/MG_2483-scaled-1-1536x1024.webp 1536w\" sizes=\"auto, (max-width: 1920px) 100vw, 1920px\" \/><span aria-hidden=\"true\" class=\"wp-block-cover__background has-background-dim\" style=\"background-color:#8a7762\"><\/span><div class=\"wp-block-cover__inner-container is-layout-constrained wp-block-cover-is-layout-constrained\">\n<p class=\"has-text-align-center has-large-font-size\"><strong>Konstrukcje spawane dla przemys\u0142u<\/strong><\/p>\n\n\n\n<div class=\"wp-block-buttons is-content-justification-center is-layout-flex wp-container-core-buttons-is-layout-16018d1d wp-block-buttons-is-layout-flex\">\n<div class=\"wp-block-button\"><a class=\"wp-block-button__link has-accent-background-color has-background wp-element-button\" href=\"mailto:m.borowiec@rs-e.pl\" style=\"border-top-left-radius:0px;border-top-right-radius:0px;border-bottom-left-radius:0px;border-bottom-right-radius:0px\">Wy\u015blij zapytanie<\/a><\/div>\n<\/div>\n<\/div><\/div>\n\n\n\n<div>\n<div>\n<div class=\"wp-block-group\"><div class=\"wp-block-group__inner-container is-layout-constrained wp-block-group-is-layout-constrained\">\n<h2 class=\"wp-block-heading has-text-align-center\">Dlaczego RS Engineering?<\/h2>\n\n\n\n<p>Specjalizujemy si\u0119 w produkcji odpowiedzialnych konstrukcji spawanych dla kolei i przemys\u0142u ci\u0119\u017ckiego.<br>Certyfikowane procesy, do\u015bwiadczony zesp\u00f3\u0142 i kontrola jako\u015bci na ka\u017cdym etapie gwarantuj\u0105 bezpiecze\u0144stwo i powtarzalno\u015b\u0107 produkcji.<\/p>\n<\/div><\/div>\n\n\n\n<div class=\"wp-block-group\"><div class=\"wp-block-group__inner-container is-layout-constrained wp-block-group-is-layout-constrained\">\n<h2 class=\"wp-block-heading has-text-align-center\">O nas<\/h2>\n\n\n\n<p>RS Engineering to producent konstrukcji stalowych i zespo\u0142\u00f3w spawanych, realizuj\u0105cy projekty dla wymagaj\u0105cych sektor\u00f3w przemys\u0142u, transportu oraz kolejnictwa.<\/p>\n\n\n\n<div class=\"wp-block-buttons is-content-justification-center is-layout-flex wp-container-core-buttons-is-layout-16018d1d wp-block-buttons-is-layout-flex\">\n<div class=\"wp-block-button\"><a class=\"wp-block-button__link has-accent-background-color has-background wp-element-button\" href=\"https:\/\/rs-e.pl\/index.php\/o-nas\/\">Poznaj RS Engineering<\/a><\/div>\n<\/div>\n<\/div><\/div>\n\n\n\n<div class=\"wp-block-group\"><div class=\"wp-block-group__inner-container is-layout-constrained wp-block-group-is-layout-constrained\">\n<h2 class=\"wp-block-heading has-text-align-center\">Us\u0142ugi<\/h2>\n\n\n\n<p>Oferujemy kompleksowe us\u0142ugi w zakresie projektowania, produkcji oraz monta\u017cu konstrukcji stalowych i zespo\u0142\u00f3w spawanych. Realizujemy projekty jednostkowe oraz serie produkcyjne, dostosowane do wymaga\u0144 technicznych i jako\u015bciowych klient\u00f3w przemys\u0142owych.<\/p>\n\n\n\n<div class=\"wp-block-buttons is-content-justification-center is-layout-flex wp-container-core-buttons-is-layout-16018d1d wp-block-buttons-is-layout-flex\">\n<div class=\"wp-block-button\"><a class=\"wp-block-button__link has-accent-background-color has-background has-text-align-center wp-element-button\" href=\"https:\/\/rs-e.pl\/index.php\/uslugi\/\">Mo\u017cliwo\u015bci produkcyjne<\/a><\/div>\n<\/div>\n<\/div><\/div>\n\n\n\n<div class=\"wp-block-group\"><div class=\"wp-block-group__inner-container is-layout-constrained wp-block-group-is-layout-constrained\">\n<div class=\"wp-block-columns is-layout-flex wp-container-core-columns-is-layout-9d6595d7 wp-block-columns-is-layout-flex\">\n<div class=\"wp-block-column is-layout-flow wp-block-column-is-layout-flow\">\n<h2 class=\"wp-block-heading has-text-align-center\">Realizacje<\/h2>\n\n\n\n<figure class=\"wp-block-image size-large is-style-rounded\"><img loading=\"lazy\" decoding=\"async\" width=\"1024\" height=\"683\" src=\"https:\/\/rs-e.pl\/wp-content\/uploads\/2026\/01\/141-1024x683.jpg\" alt=\"\" class=\"wp-image-167\" srcset=\"https:\/\/rs-e.pl\/wp-content\/uploads\/2026\/01\/141-1024x683.jpg 1024w, https:\/\/rs-e.pl\/wp-content\/uploads\/2026\/01\/141-300x200.jpg 300w, https:\/\/rs-e.pl\/wp-content\/uploads\/2026\/01\/141-768x512.jpg 768w, https:\/\/rs-e.pl\/wp-content\/uploads\/2026\/01\/141.jpg 1536w\" sizes=\"auto, (max-width: 1024px) 100vw, 1024px\" \/><\/figure>\n\n\n\n<p class=\"has-text-align-center\">Zobacz wybrane realizacje konstrukcji spawanych i projekt\u00f3w wykonanych dla sektora kolejowego i przemys\u0142owego.<\/p>\n\n\n\n<div class=\"wp-block-buttons is-content-justification-center is-layout-flex wp-container-core-buttons-is-layout-16018d1d wp-block-buttons-is-layout-flex\">\n<div class=\"wp-block-button\"><a class=\"wp-block-button__link has-accent-background-color has-background wp-element-button\" href=\"https:\/\/rs-e.pl\/index.php\/realizacje\/\">Zobacz realizacje<\/a><\/div>\n<\/div>\n<\/div>\n\n\n\n<div class=\"wp-block-column is-layout-flow wp-block-column-is-layout-flow\">\n<h2 class=\"wp-block-heading has-text-align-center\">Projekty<\/h2>\n\n\n\n<figure class=\"wp-block-image size-full is-style-rounded\"><img loading=\"lazy\" decoding=\"async\" width=\"367\" height=\"279\" src=\"https:\/\/rs-e.pl\/wp-content\/uploads\/2026\/02\/RSE_folder_2015_PL_06.jpg\" alt=\"\" class=\"wp-image-292\" srcset=\"https:\/\/rs-e.pl\/wp-content\/uploads\/2026\/02\/RSE_folder_2015_PL_06.jpg 367w, https:\/\/rs-e.pl\/wp-content\/uploads\/2026\/02\/RSE_folder_2015_PL_06-300x228.jpg 300w\" sizes=\"auto, (max-width: 367px) 100vw, 367px\" \/><\/figure>\n\n\n\n<p class=\"has-text-align-center\">Poznaj projekty realizowane przez RS Engineering \u2013 od etapu koncepcji po gotowy wyr\u00f3b spe\u0142niaj\u0105cy wymagania techniczne klient\u00f3w.<\/p>\n\n\n\n<div class=\"wp-block-buttons is-content-justification-center is-layout-flex wp-container-core-buttons-is-layout-28206b41 wp-block-buttons-is-layout-flex\">\n<div class=\"wp-block-button\"><a class=\"wp-block-button__link has-accent-background-color has-background has-text-align-center wp-element-button\" href=\"https:\/\/rs-e.pl\/index.php\/projekty\/\">Zobacz projekty<\/a><\/div>\n<\/div>\n<\/div>\n<\/div>\n<\/div><\/div>\n\n\n\n<div class=\"wp-block-group\"><div class=\"wp-block-group__inner-container is-layout-constrained wp-block-group-is-layout-constrained\">\n<h2 class=\"wp-block-heading\">Certyfikaty i normy<\/h2>\n\n\n\n<p><strong>EN 15085-2 CL1<\/strong><br>Certyfikacja spawania pojazd\u00f3w i komponent\u00f3w kolejowych. Najwy\u017cszy poziom jako\u015bci CL1 \u2013 konstrukcje odpowiedzialne.<\/p>\n\n\n\n<p><a href=\"https:\/\/rs-e.pl\/wp-content\/uploads\/2026\/01\/Certyfikat-15085.pdf\">Pobierz certyfikat  EN 15085-2 CL1 (PDF)<\/a><\/p>\n\n\n\n<p><strong>PN-EN ISO 3834-2<\/strong><br>Pe\u0142ne wymagania jako\u015bci dla proces\u00f3w spawalniczych materia\u0142\u00f3w metalowych.<\/p>\n\n\n\n<p><a href=\"https:\/\/rs-e.pl\/wp-content\/uploads\/2026\/01\/Certyfikat-3834.pdf\">Pobierz certyfikat PN-EN ISO 3834-2 (PDF)<\/a><\/p>\n\n\n\n<p><strong>PN-EN 1090-1 \/ 1090-2<\/strong><br>Zak\u0142adowa Kontrola Produkcji oraz wykonanie konstrukcji stalowych z oznakowaniem CE.<\/p>\n\n\n\n<p><a href=\"https:\/\/rs-e.pl\/wp-content\/uploads\/2026\/01\/Certyfikat-1090_pozaplanowa.pdf\">Pobierz certyfikat EN 1090-1 \/ EN 1090-2 (PDF)<\/a><\/p>\n\n\n\n<p><strong>ISO 9001<\/strong><br>System zarz\u0105dzania jako\u015bci\u0105 zapewniaj\u0105cy powtarzalno\u015b\u0107 proces\u00f3w i ci\u0105g\u0142e doskonalenie organizacji.<\/p>\n\n\n\n<p><a href=\"https:\/\/rs-e.pl\/wp-content\/uploads\/2026\/01\/Certyfikat-1090_pozaplanowa.pdf\">Pobierz certyfikat ISO 9001 (PDF)<\/a><\/p>\n<\/div><\/div>\n\n\n\n<div class=\"wp-block-group\"><div class=\"wp-block-group__inner-container is-layout-constrained wp-block-group-is-layout-constrained\">\n<p><\/p>\n\n\n\n<h2 class=\"wp-block-heading\">Kontakt<\/h2>\n\n\n\n<div class=\"wp-block-columns is-layout-flex wp-container-core-columns-is-layout-9d6595d7 wp-block-columns-is-layout-flex\">\n<div class=\"wp-block-column is-layout-flow wp-block-column-is-layout-flow\">\n<p><strong>RS Engineering Sp. z o.o.<\/strong><\/p>\n\n\n\n<p><strong>Telefon:<\/strong> <a href=\"tel:+48539737362\">+48 539 737 362 <\/a><\/p>\n\n\n\n<p><strong>E-mail:<\/strong> <a href=\"mailto:m.borowiec@rs-e.pl\">m.borowiec@rs-e.pl<\/a><\/p>\n\n\n\n<p><strong>Adres:<\/strong> Rzemie\u015blnicza 24, 22-600 Tomasz\u00f3w Lubelski<\/p>\n<\/div>\n\n\n\n<div class=\"wp-block-column is-layout-flow wp-block-column-is-layout-flow\">\n<div class=\"wp-block-buttons is-layout-flex wp-block-buttons-is-layout-flex\">\n<div class=\"wp-block-button\"><a class=\"wp-block-button__link has-accent-background-color has-background has-text-align-left wp-element-button\" href=\"mailto:m.borowiec@rs-e.pl\">Napisz do nas<\/a><\/div>\n<\/div>\n<\/div>\n<\/div>\n\n\n\n<p><\/p>\n<\/div><\/div>\n<\/div>\n<\/div>\n","protected":false},"excerpt":{"rendered":"<p>Dlaczego RS Engineering? Specjalizujemy si\u0119 w produkcji odpowiedzialnych konstrukcji spawanych dla kolei i przemys\u0142u ci\u0119\u017ckiego.Certyfikowane procesy, do\u015bwiadczony zesp\u00f3\u0142 i kontrola jako\u015bci na ka\u017cdym etapie gwarantuj\u0105 bezpiecze\u0144stwo i powtarzalno\u015b\u0107 produkcji. O nas RS Engineering to producent konstrukcji stalowych i zespo\u0142\u00f3w spawanych, realizuj\u0105cy projekty dla wymagaj\u0105cych sektor\u00f3w przemys\u0142u, transportu oraz kolejnictwa. Us\u0142ugi Oferujemy kompleksowe us\u0142ugi w zakresie &#8230; <a title=\"Strona g\u0142\u00f3wna\" class=\"read-more\" href=\"https:\/\/rs-e.pl\/\" aria-label=\"Dowiedz si\u0119 wi\u0119cej o Strona g\u0142\u00f3wna\">Dowiedz si\u0119 wi\u0119cej<\/a><\/p>\n","protected":false},"author":1,"featured_media":0,"parent":0,"menu_order":0,"comment_status":"closed","ping_status":"closed","template":"","meta":{"footnotes":""},"class_list":["post-9","page","type-page","status-publish"],"_links":{"self":[{"href":"https:\/\/rs-e.pl\/index.php\/wp-json\/wp\/v2\/pages\/9","targetHints":{"allow":["GET"]}}],"collection":[{"href":"https:\/\/rs-e.pl\/index.php\/wp-json\/wp\/v2\/pages"}],"about":[{"href":"https:\/\/rs-e.pl\/index.php\/wp-json\/wp\/v2\/types\/page"}],"author":[{"embeddable":true,"href":"https:\/\/rs-e.pl\/index.php\/wp-json\/wp\/v2\/users\/1"}],"replies":[{"embeddable":true,"href":"https:\/\/rs-e.pl\/index.php\/wp-json\/wp\/v2\/comments?post=9"}],"version-history":[{"count":82,"href":"https:\/\/rs-e.pl\/index.php\/wp-json\/wp\/v2\/pages\/9\/revisions"}],"predecessor-version":[{"id":294,"href":"https:\/\/rs-e.pl\/index.php\/wp-json\/wp\/v2\/pages\/9\/revisions\/294"}],"wp:attachment":[{"href":"https:\/\/rs-e.pl\/index.php\/wp-json\/wp\/v2\/media?parent=9"}],"curies":[{"name":"wp","href":"https:\/\/api.w.org\/{rel}","templated":true}]}}